{"id":277,"date":"2025-05-21T17:12:14","date_gmt":"2025-05-21T15:12:14","guid":{"rendered":"https:\/\/icp-env.com\/?page_id=277"},"modified":"2025-05-21T17:29:02","modified_gmt":"2025-05-21T15:29:02","slug":"icp-environmental-consultings-participation-in-envirofest-the-environmental-village-from-may-20-to-22-2022","status":"publish","type":"page","link":"https:\/\/icp-env.com\/?page_id=277","title":{"rendered":"ICP Environmental Consulting\u2019s participation in ENVIROFEST The Environmental Village From May 20 to 22, 2022"},"content":{"rendered":"\t\t<div data-elementor-type=\"wp-page\" data-elementor-id=\"277\" class=\"elementor elementor-277\">\n\t\t\t\t\t\t<section class=\"elementor-section elementor-top-section elementor-element elementor-element-406e95a cspt-col-stretched-none cspt-bg-color-over-image elementor-section-boxed elementor-section-height-default elementor-section-height-default\" data-id=\"406e95a\" data-element_type=\"section\">\n\t\t\t\t\t\t<div class=\"elementor-container elementor-column-gap-default\">\n\t\t\t\t\t<div class=\"elementor-column elementor-col-100 elementor-top-column elementor-element elementor-element-55dc4b3 cspt-bg-color-over-image\" data-id=\"55dc4b3\" data-element_type=\"column\">\n\t\t\t<div class=\"elementor-widget-wrap elementor-element-populated\">\n\t\t\t\t\t\t<div class=\"elementor-element elementor-element-d671c20 elementor-widget elementor-widget-text-editor\" data-id=\"d671c20\" data-element_type=\"widget\" data-widget_type=\"text-editor.default\">\n\t\t\t\t<div class=\"elementor-widget-container\">\n\t\t\t\t\t\t\t\t\t<p>ENVIROFEST is an environmental and film festival that took place from May 20th to 25th at the City of Culture in Tunis.<br \/>The festival also includes an environmental village, which took place on May 20th, 21st, and 22nd, 2022, at the City of Culture in Tunis.<br \/>This village brings together international and national stakeholders concerned about the environment, its preservation, and sustainable development. It aims to highlight eco-responsible initiatives and promotes networking to foster potential synergies between various stakeholders. It also strives to instill a sense of citizenship and eco-awareness among the various stakeholders.<\/p>\t\t\t\t\t\t\t\t<\/div>\n\t\t\t\t<\/div>\n\t\t\t\t<div class=\"elementor-element elementor-element-1e05f3b elementor-position-left elementor-vertical-align-top elementor-widget elementor-widget-image-box\" data-id=\"1e05f3b\" data-element_type=\"widget\" data-widget_type=\"image-box.default\">\n\t\t\t\t<div class=\"elementor-widget-container\">\n\t\t\t\t\t<div class=\"elementor-image-box-wrapper\"><figure class=\"elementor-image-box-img\"><img fetchpriority=\"high\" decoding=\"async\" width=\"404\" height=\"571\" src=\"https:\/\/icp-env.com\/wp-content\/uploads\/2025\/05\/Image8.jpg\" class=\"attachment-full size-full wp-image-295\" alt=\"\" data-id=\"295\" srcset=\"https:\/\/icp-env.com\/wp-content\/uploads\/2025\/05\/Image8.jpg 404w, https:\/\/icp-env.com\/wp-content\/uploads\/2025\/05\/Image8-212x300.jpg 212w\" sizes=\"(max-width: 404px) 100vw, 404px\" \/><\/figure><div class=\"elementor-image-box-content\"><p class=\"elementor-image-box-description\">ICP Environmental Consulting a particip\u00e9 en tant qu\u2019exposant dans le village environnemental afin de partager son savoir-faire en mati\u00e8re de gestion des d\u00e9chets \u267b\ufe0f\nNotre pr\u00e9sence a \u00e9t\u00e9 marqu\u00e9e par les ateliers qu'on a anim\u00e9 au profit des enfants afin de les sensibiliser au tri s\u00e9lectif et au compostage domestique.\n<\/br>\nRetour en images sur les workshops anim\u00e9s pour les enfants : \n<\/p><\/div><\/div>\t\t\t\t<\/div>\n\t\t\t\t<\/div>\n\t\t\t\t\t<\/div>\n\t\t<\/div>\n\t\t\t\t\t<\/div>\n\t\t<\/section>\n\t\t\t\t<section class=\"elementor-section elementor-top-section elementor-element elementor-element-3977354 cspt-col-stretched-none cspt-bg-color-over-image elementor-section-boxed elementor-section-height-default elementor-section-height-default\" data-id=\"3977354\" data-element_type=\"section\">\n\t\t\t\t\t\t<div class=\"elementor-container elementor-column-gap-default\">\n\t\t\t\t\t<div class=\"elementor-column elementor-col-100 elementor-top-column elementor-element elementor-element-c27cdfd cspt-bg-color-over-image\" data-id=\"c27cdfd\" data-element_type=\"column\">\n\t\t\t<div class=\"elementor-widget-wrap\">\n\t\t\t\t\t\t\t<\/div>\n\t\t<\/div>\n\t\t\t\t\t<\/div>\n\t\t<\/section>\n\t\t\t\t<section class=\"elementor-section elementor-top-section elementor-element elementor-element-53f5eaf cspt-col-stretched-none cspt-bg-color-over-image elementor-section-boxed elementor-section-height-default elementor-section-height-default\" data-id=\"53f5eaf\" data-element_type=\"section\">\n\t\t\t\t\t\t<div class=\"elementor-container elementor-column-gap-default\">\n\t\t\t\t\t<div class=\"elementor-column elementor-col-100 elementor-top-column elementor-element elementor-element-fd420f3 cspt-bg-color-over-image\" data-id=\"fd420f3\" data-element_type=\"column\">\n\t\t\t<div class=\"elementor-widget-wrap elementor-element-populated\">\n\t\t\t\t\t\t<div class=\"elementor-element elementor-element-1332083 elementor-widget elementor-widget-cspt_gallery_element\" data-id=\"1332083\" data-element_type=\"widget\" data-widget_type=\"cspt_gallery_element.default\">\n\t\t\t\t<div class=\"elementor-widget-container\">\n\t\t\t\t\t<div class=\"creativesplanet-element creativesplanet-element-gallery cspt-element-gallery-style-1 creativesplanet-element-viewtype-carousel\" data-show=\"3\" data-columns=\"3\" data-loop=\"true\" data-autoplay=\"true\" data-center=\"true\" data-nav=\"false\" data-dots=\"false\" data-autoplayspeed=\"1000\" data-margin=\"\"><div class=\"creativesplanet-element-inner\">\t\t<div class=\"cspt-element-posts-wrapper row multi-columns-row\">\r\n\t\t\t<div class=\"cspt-ele cspt-gallery-ele col-md-4 \"><div class=\"cspt-gallery-feauture-wraper\"><div class=\"cspt-gallery-contents\"><img decoding=\"async\" src=\"https:\/\/icp-env.com\/wp-content\/uploads\/2025\/05\/Image13.jpg\" alt=\"img\" \/><\/div><\/div><\/div><div class=\"cspt-ele cspt-gallery-ele col-md-4 \"><div class=\"cspt-gallery-feauture-wraper\"><div class=\"cspt-gallery-contents\"><img decoding=\"async\" src=\"https:\/\/icp-env.com\/wp-content\/uploads\/2025\/05\/Image14.jpg\" alt=\"img\" \/><\/div><\/div><\/div><div class=\"cspt-ele cspt-gallery-ele col-md-4 \"><div class=\"cspt-gallery-feauture-wraper\"><div class=\"cspt-gallery-contents\"><img decoding=\"async\" src=\"https:\/\/icp-env.com\/wp-content\/uploads\/2025\/05\/Image15.jpg\" alt=\"img\" \/><\/div><\/div><\/div><div class=\"cspt-ele cspt-gallery-ele col-md-4 \"><div class=\"cspt-gallery-feauture-wraper\"><div class=\"cspt-gallery-contents\"><img decoding=\"async\" src=\"https:\/\/icp-env.com\/wp-content\/uploads\/2025\/05\/Image9.jpg\" alt=\"img\" \/><\/div><\/div><\/div><div class=\"cspt-ele cspt-gallery-ele col-md-4 \"><div class=\"cspt-gallery-feauture-wraper\"><div class=\"cspt-gallery-contents\"><img decoding=\"async\" src=\"https:\/\/icp-env.com\/wp-content\/uploads\/2025\/05\/Image10.jpg\" alt=\"img\" \/><\/div><\/div><\/div><div class=\"cspt-ele cspt-gallery-ele col-md-4 \"><div class=\"cspt-gallery-feauture-wraper\"><div class=\"cspt-gallery-contents\"><img decoding=\"async\" src=\"https:\/\/icp-env.com\/wp-content\/uploads\/2025\/05\/Image11.jpg\" alt=\"img\" \/><\/div><\/div><\/div><div class=\"cspt-ele cspt-gallery-ele col-md-4 \"><div class=\"cspt-gallery-feauture-wraper\"><div class=\"cspt-gallery-contents\"><img decoding=\"async\" src=\"https:\/\/icp-env.com\/wp-content\/uploads\/2025\/05\/Image12.jpg\" alt=\"img\" \/><\/div><\/div><\/div>\t\t<\/div>\r\n\r\n\t\t<\/div><!-- .creativesplanet-element-inner -->   <\/div><!-- .creativesplanet-element -->  \t\t\t\t<\/div>\n\t\t\t\t<\/div>\n\t\t\t\t\t<\/div>\n\t\t<\/div>\n\t\t\t\t\t<\/div>\n\t\t<\/section>\n\t\t\t\t<\/div>\n\t\t","protected":false},"excerpt":{"rendered":"<p>ENVIROFEST is an environmental and film festival that took place from May 20th to 25th at the City of Culture in Tunis.The festival also includes an environmental village, which took place on May 20th, 21st, and 22nd, 2022, at the City of Culture in Tunis.This village brings together international and national stakeholders concerned about the environment, its preservation, and sustainable development. It aims to highlight eco-responsible initiatives and promotes networking[&hellip;]<\/p>\n","protected":false},"author":1,"featured_media":0,"parent":0,"menu_order":0,"comment_status":"closed","ping_status":"closed","template":"","meta":{"_acf_changed":false,"footnotes":""},"class_list":["post-277","page","type-page","status-publish","hentry"],"acf":[],"_links":{"self":[{"href":"https:\/\/icp-env.com\/index.php?rest_route=\/wp\/v2\/pages\/277","targetHints":{"allow":["GET"]}}],"collection":[{"href":"https:\/\/icp-env.com\/index.php?rest_route=\/wp\/v2\/pages"}],"about":[{"href":"https:\/\/icp-env.com\/index.php?rest_route=\/wp\/v2\/types\/page"}],"author":[{"embeddable":true,"href":"https:\/\/icp-env.com\/index.php?rest_route=\/wp\/v2\/users\/1"}],"replies":[{"embeddable":true,"href":"https:\/\/icp-env.com\/index.php?rest_route=%2Fwp%2Fv2%2Fcomments&post=277"}],"version-history":[{"count":19,"href":"https:\/\/icp-env.com\/index.php?rest_route=\/wp\/v2\/pages\/277\/revisions"}],"predecessor-version":[{"id":318,"href":"https:\/\/icp-env.com\/index.php?rest_route=\/wp\/v2\/pages\/277\/revisions\/318"}],"wp:attachment":[{"href":"https:\/\/icp-env.com\/index.php?rest_route=%2Fwp%2Fv2%2Fmedia&parent=277"}],"curies":[{"name":"wp","href":"https:\/\/api.w.org\/{rel}","templated":true}]}}